{"id":718,"date":"2025-06-18T22:56:23","date_gmt":"2025-06-18T22:56:23","guid":{"rendered":"https:\/\/www.romanaairport.com\/?page_id=718"},"modified":"2025-08-15T16:00:53","modified_gmt":"2025-08-15T16:00:53","slug":"vip-services","status":"publish","type":"page","link":"https:\/\/www.romanaairport.com\/es\/vip-services\/","title":{"rendered":"SERVICIOS VIP"},"content":{"rendered":"<div  class='avia-slideshow av-mc6li2vw-401a82b0c235e15fb4a70f4dfa9a1f4b avia-slideshow-featured_large av_slideshow avia-slide-slider  avia-builder-el-0  el_before_av_one_full  avia-builder-el-first  av-slideshow-ui av-control-default av-slideshow-manual av-loop-once av-loop-manual-endless av-default-height-applied avia-slideshow-1' data-slideshow-options=\"{&quot;animation&quot;:&quot;slide&quot;,&quot;autoplay&quot;:false,&quot;loop_autoplay&quot;:&quot;once&quot;,&quot;interval&quot;:5,&quot;loop_manual&quot;:&quot;manual-endless&quot;,&quot;autoplay_stopper&quot;:false,&quot;noNavigation&quot;:false,&quot;bg_slider&quot;:false,&quot;keep_padding&quot;:false,&quot;hoverpause&quot;:false,&quot;show_slide_delay&quot;:0}\"  itemprop=\"image\" itemscope=\"itemscope\" itemtype=\"https:\/\/schema.org\/ImageObject\" ><ul class='avia-slideshow-inner' style='padding-bottom: 42%;'><li  class='avia-slideshow-slide av-mc6li2vw-401a82b0c235e15fb4a70f4dfa9a1f4b__0  slide-1 slide-odd'><div data-rel='slideshow-1' class='avia-slide-wrap'   ><img decoding=\"async\" fetchpriority=\"high\" class=\"wp-image-857 avia-img-lazy-loading-not-857\"  src=\"https:\/\/www.romanaairport.com\/wp-content\/uploads\/2025\/06\/SALA-PREMIER-1-1500x630.jpg\" width=\"1500\" height=\"630\" title='SALA PREMIER 1' alt=''  itemprop=\"thumbnailUrl\"   \/><\/div><\/li><li  class='avia-slideshow-slide av-mc6li2vw-401a82b0c235e15fb4a70f4dfa9a1f4b__1  slide-2 slide-even'><div data-rel='slideshow-1' class='avia-slide-wrap'   ><img decoding=\"async\" fetchpriority=\"high\" class=\"wp-image-855 avia-img-lazy-loading-not-855\"  src=\"https:\/\/www.romanaairport.com\/wp-content\/uploads\/2025\/06\/SALA-PREMIER-4-1500x630.jpg\" width=\"1500\" height=\"630\" title='SALA PREMIER 4' alt=''  itemprop=\"thumbnailUrl\"   \/><\/div><\/li><li  class='avia-slideshow-slide av-mc6li2vw-401a82b0c235e15fb4a70f4dfa9a1f4b__2  slide-3 slide-odd'><div data-rel='slideshow-1' class='avia-slide-wrap'   ><img decoding=\"async\" fetchpriority=\"high\" class=\"wp-image-856 avia-img-lazy-loading-not-856\"  src=\"https:\/\/www.romanaairport.com\/wp-content\/uploads\/2025\/06\/SALA-PREMIER-3-1500x630.jpg\" width=\"1500\" height=\"630\" title='SALA PREMIER 3' alt=''  itemprop=\"thumbnailUrl\"   \/><\/div><\/li><\/ul><div class='avia-slideshow-arrows avia-slideshow-controls' ><a href='#prev' class='prev-slide  avia-svg-icon avia-font-svg_entypo-fontello' data-av_svg_icon='left-open-big' data-av_iconset='svg_entypo-fontello' tabindex='-1' title=\"Previous\"><svg version=\"1.1\" xmlns=\"http:\/\/www.w3.org\/2000\/svg\" width=\"15\" height=\"32\" viewbox=\"0 0 15 32\" preserveaspectratio=\"xMidYMid meet\" aria-labelledby='av-svg-title-1' aria-describedby='av-svg-desc-1' role=\"graphics-symbol\" aria-hidden=\"true\">\n<title id='av-svg-title-1'>Previous<\/title>\n<desc id='av-svg-desc-1'>Previous<\/desc>\n<path d=\"M14.464 27.84q0.832 0.832 0 1.536-0.832 0.832-1.536 0l-12.544-12.608q-0.768-0.768 0-1.6l12.544-12.608q0.704-0.832 1.536 0 0.832 0.704 0 1.536l-11.456 11.904z\"><\/path>\n<\/svg><span class='avia_hidden_link_text'>Previous<\/span><\/a><a href='#next' class='next-slide  avia-svg-icon avia-font-svg_entypo-fontello' data-av_svg_icon='right-open-big' data-av_iconset='svg_entypo-fontello' tabindex='-1' title=\"Next\"><svg version=\"1.1\" xmlns=\"http:\/\/www.w3.org\/2000\/svg\" width=\"15\" height=\"32\" viewbox=\"0 0 15 32\" preserveaspectratio=\"xMidYMid meet\" aria-labelledby='av-svg-title-2' aria-describedby='av-svg-desc-2' role=\"graphics-symbol\" aria-hidden=\"true\">\n<title id='av-svg-title-2'>Next<\/title>\n<desc id='av-svg-desc-2'>Next<\/desc>\n<path d=\"M0.416 27.84l11.456-11.84-11.456-11.904q-0.832-0.832 0-1.536 0.832-0.832 1.536 0l12.544 12.608q0.768 0.832 0 1.6l-12.544 12.608q-0.704 0.832-1.536 0-0.832-0.704 0-1.536z\"><\/path>\n<\/svg><span class='avia_hidden_link_text'>Next<\/span><\/a><\/div><div class='avia-slideshow-dots avia-slideshow-controls'><a href='#1' class='goto-slide active' >1<\/a><a href='#2' class='goto-slide' >2<\/a><a href='#3' class='goto-slide' >3<\/a><\/div><\/div>\n\n<style type=\"text\/css\" data-created_by=\"avia_inline_auto\" id=\"style-css-av-twxy-6a30e7b4c362506f98dfa5d8bdf8d8c9\">\n#top .flex_column.av-twxy-6a30e7b4c362506f98dfa5d8bdf8d8c9{\nmargin-top:0px;\nmargin-bottom:0px;\n}\n.flex_column.av-twxy-6a30e7b4c362506f98dfa5d8bdf8d8c9{\nborder-radius:0px 0px 0px 0px;\npadding:0px 0px 0px 0px;\n}\n.responsive #top #wrap_all .flex_column.av-twxy-6a30e7b4c362506f98dfa5d8bdf8d8c9{\nmargin-top:0px;\nmargin-bottom:0px;\n}\n<\/style>\n<div  class='flex_column av-twxy-6a30e7b4c362506f98dfa5d8bdf8d8c9 av_one_full  avia-builder-el-1  el_after_av_slideshow  avia-builder-el-last  first flex_column_div av-animated-generic bottom-to-top av-zero-column-padding'     ><p>\n<style type=\"text\/css\" data-created_by=\"avia_inline_auto\" id=\"style-css-av-mc2jpcrm-3e709e833a0440bb0fc24ff6c3eafdd8\">\n#top .av-special-heading.av-mc2jpcrm-3e709e833a0440bb0fc24ff6c3eafdd8{\npadding-bottom:0;\n}\nbody .av-special-heading.av-mc2jpcrm-3e709e833a0440bb0fc24ff6c3eafdd8 .av-special-heading-tag .heading-char{\nfont-size:25px;\n}\n.av-special-heading.av-mc2jpcrm-3e709e833a0440bb0fc24ff6c3eafdd8 .av-subheading{\nfont-size:15px;\n}\n<\/style>\n<div  class='av-special-heading av-mc2jpcrm-3e709e833a0440bb0fc24ff6c3eafdd8 av-special-heading-h4 blockquote modern-quote  avia-builder-el-2  el_before_av_textblock  avia-builder-el-first  av-thin-font'><h4 class='av-special-heading-tag'  itemprop=\"headline\"  ><strong>SERVICIOS VIP<\/strong><\/h4><div class=\"special-heading-border\"><div class=\"special-heading-inner-border\"><\/div><\/div><\/div><br \/>\n\n<style type=\"text\/css\" data-created_by=\"avia_inline_auto\" id=\"style-css-av-mc2jwiq8-f1fdc8e9119369bac9d9c0310913aeb4\">\n\n@media only screen and (min-width: 990px){ \n#top .av_textblock_section.av-mc2jwiq8-f1fdc8e9119369bac9d9c0310913aeb4 .avia_textblock{\nfont-size:16px;\n}\n}\n<\/style>\n<section  class='av_textblock_section av-mc2jwiq8-f1fdc8e9119369bac9d9c0310913aeb4'   itemscope=\"itemscope\" itemtype=\"https:\/\/schema.org\/CreativeWork\" ><div class='avia_textblock'  itemprop=\"text\" ><p>At La Romana International Airport, VIP Services are designed to provide travelers with seamless, stress-free, and elevated airport experience. Whether arriving or departing, guests can enjoy personalized assistance, expedited processing, and exclusive amenities that prioritize comfort, privacy, and efficiency. From dedicated Meet &amp; Greet support to access to the VIP Lounge, every detail is thoughtfully curated to ensure a smooth and enjoyable journey.<\/p>\n<h5><strong>Servicio de bienvenida: llegada o salida<\/strong><\/h5>\n<p><strong>US$25,00 por persona<\/strong> (impuestos no incluidos).<\/p>\n<p>Deje que nuestro equipo le d\u00e9 la bienvenida con atenci\u00f3n personalizada y apoyo r\u00e1pido en cada paso.<\/p>\n<p><strong>Llegada Incluye:<\/strong><\/p>\n<ul>\n<li>Bienvenida personalizada con se\u00f1alizaci\u00f3n<\/li>\n<li>Asistencia con formularios de llegada.<\/li>\n<li>Servicio de v\u00eda r\u00e1pida<\/li>\n<li>Asistencia de porteadores<\/li>\n<li>Orientaci\u00f3n en la zona de aparcamiento<\/li>\n<li>Orientaci\u00f3n en Migraci\u00f3n y Aduanas (*)<\/li>\n<\/ul>\n<p><strong>Salida Incluye:<\/strong><\/p>\n<ul>\n<li>Bienvenida personalizada con se\u00f1alizaci\u00f3n<\/li>\n<li>Asistencia de porteadores<\/li>\n<li>Check-in prioritario<\/li>\n<li>Asistencia con formularios de salida.<\/li>\n<li>Servicio de v\u00eda r\u00e1pida<\/li>\n<li>Acceso seguro y asistencia migratoria (*)<\/li>\n<li>Gu\u00eda del proceso de embarque<\/li>\n<\/ul>\n<h5><strong>Servicio de salida VIP<\/strong><\/h5>\n<p><strong>US$65,00 por persona <\/strong>(impuestos no incluidos)<br \/>\nMejore su salida con acceso a nuestro exclusivo Sal\u00f3n VIP y servicio premium.<\/p>\n<p><strong>Incluye:<\/strong><\/p>\n<ul>\n<li>Bienvenida personalizada con se\u00f1alizaci\u00f3n<\/li>\n<li>Asistencia de porteadores<\/li>\n<li>Check-in prioritario<\/li>\n<li>Asistencia con el formulario de salida<\/li>\n<li>Servicio de v\u00eda r\u00e1pida<\/li>\n<li>Asistencia en materia de seguridad y migraci\u00f3n (*)<\/li>\n<\/ul>\n<p><strong>Acceso a la Sala VIP:<\/strong><\/p>\n<ul>\n<li>Wi-Fi gratuito<\/li>\n<li>Barra libre<\/li>\n<li>Aperitivos<\/li>\n<li>Embarque prioritario<\/li>\n<\/ul>\n<p><strong>Notas importantes:<\/strong><\/p>\n<ul>\n<li>Todos los servicios deben reservarse con antelaci\u00f3n a trav\u00e9s del correo electr\u00f3nico servicioalcliente@lrm.com.do<\/li>\n<li>El pago total se requiere al menos 24 horas antes de la llegada o salida.<\/li>\n<li>Servicios disponibles en espa\u00f1ol e ingl\u00e9s.<\/li>\n<li>Payments can be made in USD or DOP (exchange rate according to the Central Bank of the Dominican Republic)<\/li>\n<\/ul>\n<p>(***) Nota: Nuestro personal no intervendr\u00e1 en ning\u00fan proceso oficial llevado a cabo por autoridades gubernamentales, incluidas Seguridad, Aduanas o Inmigraci\u00f3n.<\/p>\n<p><strong>Para obtener m\u00e1s informaci\u00f3n, comun\u00edquese con:<\/strong><br \/>\nServicios de Gesti\u00f3n Aeroportuaria, Ltd.<br \/>\nTel: (+1) 809.813.9000 | Email: <a href=\"mailto:servicioalcliente@lrm.com.do\">servicioalcliente@lrm.com.do<\/a><\/p>\n<\/div><\/section><\/p><\/div>","protected":false},"excerpt":{"rendered":"","protected":false},"author":1,"featured_media":0,"parent":0,"menu_order":0,"comment_status":"closed","ping_status":"closed","template":"","meta":{"pagelayer_contact_templates":[],"_pagelayer_content":"","_themeisle_gutenberg_block_has_review":false,"footnotes":""},"class_list":["post-718","page","type-page","status-publish","hentry"],"_links":{"self":[{"href":"https:\/\/www.romanaairport.com\/es\/wp-json\/wp\/v2\/pages\/718","targetHints":{"allow":["GET"]}}],"collection":[{"href":"https:\/\/www.romanaairport.com\/es\/wp-json\/wp\/v2\/pages"}],"about":[{"href":"https:\/\/www.romanaairport.com\/es\/wp-json\/wp\/v2\/types\/page"}],"author":[{"embeddable":true,"href":"https:\/\/www.romanaairport.com\/es\/wp-json\/wp\/v2\/users\/1"}],"replies":[{"embeddable":true,"href":"https:\/\/www.romanaairport.com\/es\/wp-json\/wp\/v2\/comments?post=718"}],"version-history":[{"count":9,"href":"https:\/\/www.romanaairport.com\/es\/wp-json\/wp\/v2\/pages\/718\/revisions"}],"predecessor-version":[{"id":1010,"href":"https:\/\/www.romanaairport.com\/es\/wp-json\/wp\/v2\/pages\/718\/revisions\/1010"}],"wp:attachment":[{"href":"https:\/\/www.romanaairport.com\/es\/wp-json\/wp\/v2\/media?parent=718"}],"curies":[{"name":"wp","href":"https:\/\/api.w.org\/{rel}","templated":true}]}}