{"id":630,"date":"2025-06-04T18:42:25","date_gmt":"2025-06-04T18:42:25","guid":{"rendered":"https:\/\/www.romanaairport.com\/?page_id=630"},"modified":"2025-06-18T22:33:15","modified_gmt":"2025-06-18T22:33:15","slug":"entertainment","status":"publish","type":"page","link":"https:\/\/www.romanaairport.com\/es\/entertainment\/","title":{"rendered":"Entretenimiento"},"content":{"rendered":"<style type=\"text\/css\" data-created_by=\"avia_inline_auto\" id=\"style-css-av-8xq9y-2d0b22870803e0ee4cfc1a3e8accfe8f\">\n#top .flex_column.av-8xq9y-2d0b22870803e0ee4cfc1a3e8accfe8f{\nmargin-top:0px;\nmargin-bottom:0px;\n}\n.flex_column.av-8xq9y-2d0b22870803e0ee4cfc1a3e8accfe8f{\nborder-radius:0px 0px 0px 0px;\npadding:0px 0px 0px 0px;\n}\n.responsive #top #wrap_all .flex_column.av-8xq9y-2d0b22870803e0ee4cfc1a3e8accfe8f{\nmargin-top:0px;\nmargin-bottom:0px;\n}\n<\/style>\n<div  class='flex_column av-8xq9y-2d0b22870803e0ee4cfc1a3e8accfe8f av_one_full  avia-builder-el-0  avia-builder-el-no-sibling  first flex_column_div av-animated-generic bottom-to-top av-zero-column-padding'     ><p><div  class='avia-slideshow av-mc2j3888-780a4f01f92cf45a0045038defda76c4 avia-slideshow-featured_large av_slideshow avia-slide-slider  avia-builder-el-1  el_before_av_heading  avia-builder-el-first  av-slideshow-ui av-control-default av-slideshow-manual av-loop-once av-loop-manual-endless av-default-height-applied avia-slideshow-1' data-slideshow-options=\"{&quot;animation&quot;:&quot;slide&quot;,&quot;autoplay&quot;:false,&quot;loop_autoplay&quot;:&quot;once&quot;,&quot;interval&quot;:5,&quot;loop_manual&quot;:&quot;manual-endless&quot;,&quot;autoplay_stopper&quot;:false,&quot;noNavigation&quot;:false,&quot;bg_slider&quot;:false,&quot;keep_padding&quot;:false,&quot;hoverpause&quot;:false,&quot;show_slide_delay&quot;:0}\"  itemprop=\"image\" itemscope=\"itemscope\" itemtype=\"https:\/\/schema.org\/ImageObject\" ><ul class='avia-slideshow-inner' style='padding-bottom: 42%;'><li  class='avia-slideshow-slide av-mc2j3888-780a4f01f92cf45a0045038defda76c4__0  slide-1 slide-odd'><div data-rel='slideshow-1' class='avia-slide-wrap'   ><img decoding=\"async\" fetchpriority=\"high\" class=\"wp-image-694 avia-img-lazy-loading-not-694\"  src=\"https:\/\/www.romanaairport.com\/wp-content\/uploads\/2025\/06\/Altos-de-Chavon-3-1500x630.jpg\" width=\"1500\" height=\"630\" title='Altos de Chavon (3)' alt=''  itemprop=\"thumbnailUrl\"   \/><\/div><\/li><li  class='avia-slideshow-slide av-mc2j3888-780a4f01f92cf45a0045038defda76c4__1  slide-2 slide-even'><div data-rel='slideshow-1' class='avia-slide-wrap'   ><img decoding=\"async\" fetchpriority=\"high\" class=\"wp-image-703 avia-img-lazy-loading-not-703\"  src=\"https:\/\/www.romanaairport.com\/wp-content\/uploads\/2025\/06\/ISLA-SAONA-1-1500x630.jpg\" width=\"1500\" height=\"630\" title='ISLA SAONA (1)' alt=''  itemprop=\"thumbnailUrl\" srcset=\"https:\/\/www.romanaairport.com\/wp-content\/uploads\/2025\/06\/ISLA-SAONA-1-1500x630.jpg 1500w, https:\/\/www.romanaairport.com\/wp-content\/uploads\/2025\/06\/ISLA-SAONA-1-18x9.jpg 18w\" sizes=\"(max-width: 1500px) 100vw, 1500px\" \/><\/div><\/li><li  class='avia-slideshow-slide av-mc2j3888-780a4f01f92cf45a0045038defda76c4__2  slide-3 slide-odd'><div data-rel='slideshow-1' class='avia-slide-wrap'   ><img decoding=\"async\" fetchpriority=\"high\" class=\"wp-image-708 avia-img-lazy-loading-not-708\"  src=\"https:\/\/www.romanaairport.com\/wp-content\/uploads\/2025\/06\/DOMINICUS-BEACH--1500x630.jpg\" width=\"1500\" height=\"630\" title='PLAYA DOMINICUS' alt=''  itemprop=\"thumbnailUrl\"   \/><\/div><\/li><li  class='avia-slideshow-slide av-mc2j3888-780a4f01f92cf45a0045038defda76c4__3  slide-4 slide-even'><div data-rel='slideshow-1' class='avia-slide-wrap'   ><img decoding=\"async\" fetchpriority=\"high\" class=\"wp-image-702 avia-img-lazy-loading-not-702\"  src=\"https:\/\/www.romanaairport.com\/wp-content\/uploads\/2025\/06\/ISLA-SAONA-2-bmp.bmp\" width=\"700\" height=\"311\" title='ISLA SAONA (2 bmp)' alt=''  itemprop=\"thumbnailUrl\" srcset=\"https:\/\/www.romanaairport.com\/wp-content\/uploads\/2025\/06\/ISLA-SAONA-2-bmp.bmp 700w, https:\/\/www.romanaairport.com\/wp-content\/uploads\/2025\/06\/ISLA-SAONA-2-bmp-300x133.jpg 300w, https:\/\/www.romanaairport.com\/wp-content\/uploads\/2025\/06\/ISLA-SAONA-2-bmp-18x8.jpg 18w\" sizes=\"(max-width: 700px) 100vw, 700px\" \/><\/div><\/li><li  class='avia-slideshow-slide av-mc2j3888-780a4f01f92cf45a0045038defda76c4__4  slide-5 slide-odd'><div data-rel='slideshow-1' class='avia-slide-wrap'   ><img decoding=\"async\" fetchpriority=\"high\" class=\"wp-image-704 avia-img-lazy-loading-not-704\"  src=\"https:\/\/www.romanaairport.com\/wp-content\/uploads\/2025\/06\/ISLA-SAONA-3-1278x630.jpg\" width=\"1278\" height=\"630\" title='ISLA SAONA (3)' alt=''  itemprop=\"thumbnailUrl\"   \/><\/div><\/li><li  class='avia-slideshow-slide av-mc2j3888-780a4f01f92cf45a0045038defda76c4__5  slide-6 slide-even'><div data-rel='slideshow-1' class='avia-slide-wrap'   ><img decoding=\"async\" fetchpriority=\"high\" class=\"wp-image-705 avia-img-lazy-loading-not-705\"  src=\"https:\/\/www.romanaairport.com\/wp-content\/uploads\/2025\/06\/ISLA-SAONA-2.jpg\" width=\"700\" height=\"311\" title='ISLA SAONA (2)' alt=''  itemprop=\"thumbnailUrl\" srcset=\"https:\/\/www.romanaairport.com\/wp-content\/uploads\/2025\/06\/ISLA-SAONA-2.jpg 700w, https:\/\/www.romanaairport.com\/wp-content\/uploads\/2025\/06\/ISLA-SAONA-2-300x133.jpg 300w, https:\/\/www.romanaairport.com\/wp-content\/uploads\/2025\/06\/ISLA-SAONA-2-18x8.jpg 18w\" sizes=\"(max-width: 700px) 100vw, 700px\" \/><\/div><\/li><li  class='avia-slideshow-slide av-mc2j3888-780a4f01f92cf45a0045038defda76c4__6  slide-7 slide-odd'><div data-rel='slideshow-1' class='avia-slide-wrap'   ><img decoding=\"async\" fetchpriority=\"high\" class=\"wp-image-693 avia-img-lazy-loading-not-693\"  src=\"https:\/\/www.romanaairport.com\/wp-content\/uploads\/2025\/06\/Altos-de-Chavon-2-1500x630.jpg\" width=\"1500\" height=\"630\" title='OLYMPUS DIGITAL CAMERA' alt=''  itemprop=\"thumbnailUrl\"   \/><\/div><\/li><li  class='avia-slideshow-slide av-mc2j3888-780a4f01f92cf45a0045038defda76c4__7  slide-8 slide-even'><div data-rel='slideshow-1' class='avia-slide-wrap'   ><img decoding=\"async\" fetchpriority=\"high\" class=\"wp-image-712 avia-img-lazy-loading-not-712\"  src=\"https:\/\/www.romanaairport.com\/wp-content\/uploads\/2025\/06\/ESTADIO-DE-LOS-TOROS-2.jpg\" width=\"609\" height=\"475\" title='ESTADIO DE LOS TOROS (2)' alt=''  itemprop=\"thumbnailUrl\" srcset=\"https:\/\/www.romanaairport.com\/wp-content\/uploads\/2025\/06\/ESTADIO-DE-LOS-TOROS-2.jpg 609w, https:\/\/www.romanaairport.com\/wp-content\/uploads\/2025\/06\/ESTADIO-DE-LOS-TOROS-2-300x234.jpg 300w, https:\/\/www.romanaairport.com\/wp-content\/uploads\/2025\/06\/ESTADIO-DE-LOS-TOROS-2-15x12.jpg 15w\" sizes=\"(max-width: 609px) 100vw, 609px\" \/><\/div><\/li><\/ul><div class='avia-slideshow-arrows avia-slideshow-controls' ><a href='#prev' class='prev-slide  avia-svg-icon avia-font-svg_entypo-fontello' data-av_svg_icon='left-open-big' data-av_iconset='svg_entypo-fontello' tabindex='-1' title=\"Previous\"><svg version=\"1.1\" xmlns=\"http:\/\/www.w3.org\/2000\/svg\" width=\"15\" height=\"32\" viewbox=\"0 0 15 32\" preserveaspectratio=\"xMidYMid meet\" aria-labelledby='av-svg-title-1' aria-describedby='av-svg-desc-1' role=\"graphics-symbol\" aria-hidden=\"true\">\n<title id='av-svg-title-1'>Previous<\/title>\n<desc id='av-svg-desc-1'>Previous<\/desc>\n<path d=\"M14.464 27.84q0.832 0.832 0 1.536-0.832 0.832-1.536 0l-12.544-12.608q-0.768-0.768 0-1.6l12.544-12.608q0.704-0.832 1.536 0 0.832 0.704 0 1.536l-11.456 11.904z\"><\/path>\n<\/svg><span class='avia_hidden_link_text'>Previous<\/span><\/a><a href='#next' class='next-slide  avia-svg-icon avia-font-svg_entypo-fontello' data-av_svg_icon='right-open-big' data-av_iconset='svg_entypo-fontello' tabindex='-1' title=\"Next\"><svg version=\"1.1\" xmlns=\"http:\/\/www.w3.org\/2000\/svg\" width=\"15\" height=\"32\" viewbox=\"0 0 15 32\" preserveaspectratio=\"xMidYMid meet\" aria-labelledby='av-svg-title-2' aria-describedby='av-svg-desc-2' role=\"graphics-symbol\" aria-hidden=\"true\">\n<title id='av-svg-title-2'>Next<\/title>\n<desc id='av-svg-desc-2'>Next<\/desc>\n<path d=\"M0.416 27.84l11.456-11.84-11.456-11.904q-0.832-0.832 0-1.536 0.832-0.832 1.536 0l12.544 12.608q0.768 0.832 0 1.6l-12.544 12.608q-0.704 0.832-1.536 0-0.832-0.704 0-1.536z\"><\/path>\n<\/svg><span class='avia_hidden_link_text'>Next<\/span><\/a><\/div><div class='avia-slideshow-dots avia-slideshow-controls'><a href='#1' class='goto-slide active' >1<\/a><a href='#2' class='goto-slide' >2<\/a><a href='#3' class='goto-slide' >3<\/a><a href='#4' class='goto-slide' >4<\/a><a href='#5' class='goto-slide' >5<\/a><a href='#6' class='goto-slide' >6<\/a><a href='#7' class='goto-slide' >7<\/a><a href='#8' class='goto-slide' >8<\/a><\/div><\/div><br \/>\n\n<style type=\"text\/css\" data-created_by=\"avia_inline_auto\" id=\"style-css-av-mbiao3sv-c557e20bac543b27190edc90d7b66e17\">\n#top .av-special-heading.av-mbiao3sv-c557e20bac543b27190edc90d7b66e17{\npadding-bottom:0;\n}\nbody .av-special-heading.av-mbiao3sv-c557e20bac543b27190edc90d7b66e17 .av-special-heading-tag .heading-char{\nfont-size:25px;\n}\n.av-special-heading.av-mbiao3sv-c557e20bac543b27190edc90d7b66e17 .av-subheading{\nfont-size:15px;\n}\n<\/style>\n<div  class='av-special-heading av-mbiao3sv-c557e20bac543b27190edc90d7b66e17 av-special-heading-h4 blockquote modern-quote  avia-builder-el-2  el_after_av_slideshow  el_before_av_textblock  av-thin-font'><h4 class='av-special-heading-tag'  itemprop=\"headline\"  ><strong>ENTRETENIMIENTO<\/strong><\/h4><div class=\"special-heading-border\"><div class=\"special-heading-inner-border\"><\/div><\/div><\/div><br \/>\n\n<style type=\"text\/css\" data-created_by=\"avia_inline_auto\" id=\"style-css-av-mbiaofmj-42eb7ae3d6323f27720429f891615fe2\">\n\n@media only screen and (min-width: 990px){ \n#top .av_textblock_section.av-mbiaofmj-42eb7ae3d6323f27720429f891615fe2 .avia_textblock{\nfont-size:16px;\n}\n}\n<\/style>\n<section  class='av_textblock_section av-mbiaofmj-42eb7ae3d6323f27720429f891615fe2'   itemscope=\"itemscope\" itemtype=\"https:\/\/schema.org\/CreativeWork\" ><div class='avia_textblock'  itemprop=\"text\" ><p>El destino tur\u00edstico La Romana \u2013 Bayah\u00edbe lo tiene todo. Ofrece una experiencia que cautiva los sentidos y el coraz\u00f3n de todo turista, no solo visitando algunas de las mejores playas del mundo, como Bayah\u00edbe, Isla Saona o Dominicus, sino tambi\u00e9n invit\u00e1ndolo a disfrutar de impresionantes campos de golf y la emoci\u00f3n del polo en Casa de Campo Resort. Adem\u00e1s, la pasi\u00f3n dominicana por las Grandes Ligas de B\u00e9isbol se vive en los partidos de invierno con los Toros del Este, un equipo de la Liga Dominicana de B\u00e9isbol Profesional.<\/p>\n<p>Sin importar la \u00e9poca del a\u00f1o, La Romana y Bayah\u00edbe permiten a visitantes internacionales y locales disfrutar de la mejor m\u00fasica en vivo en vibrantes clubes nocturnos o de la magia del Anfiteatro Altos de Chav\u00f3n. Podr\u00e1 explorar naufragios piratas en las profundidades de nuestras playas, observar la vida silvestre a caballo o en veh\u00edculos 4\u00d74, o incluso practicar canopy, navegar en catamar\u00e1n o lancha r\u00e1pida a playas paradis\u00edacas como Isla Catalina o Isla Saona, y deleitar su paladar con la exquisita comida dominicana elaborada con mariscos frescos mientras se maravilla con los impresionantes atardeceres en nuestras costas.<\/p>\n<p>Para obtener m\u00e1s informaci\u00f3n, simplemente haga clic <a href=\"http:\/\/explorelaromana.com\/culture\/\">http:\/\/explorelaromana.com\/culture\/<\/a><\/p>\n<\/div><\/section><\/p><\/div>","protected":false},"excerpt":{"rendered":"","protected":false},"author":1,"featured_media":0,"parent":0,"menu_order":0,"comment_status":"closed","ping_status":"closed","template":"","meta":{"pagelayer_contact_templates":[],"_pagelayer_content":"","_themeisle_gutenberg_block_has_review":false,"footnotes":""},"class_list":["post-630","page","type-page","status-publish","hentry"],"_links":{"self":[{"href":"https:\/\/www.romanaairport.com\/es\/wp-json\/wp\/v2\/pages\/630","targetHints":{"allow":["GET"]}}],"collection":[{"href":"https:\/\/www.romanaairport.com\/es\/wp-json\/wp\/v2\/pages"}],"about":[{"href":"https:\/\/www.romanaairport.com\/es\/wp-json\/wp\/v2\/types\/page"}],"author":[{"embeddable":true,"href":"https:\/\/www.romanaairport.com\/es\/wp-json\/wp\/v2\/users\/1"}],"replies":[{"embeddable":true,"href":"https:\/\/www.romanaairport.com\/es\/wp-json\/wp\/v2\/comments?post=630"}],"version-history":[{"count":2,"href":"https:\/\/www.romanaairport.com\/es\/wp-json\/wp\/v2\/pages\/630\/revisions"}],"predecessor-version":[{"id":713,"href":"https:\/\/www.romanaairport.com\/es\/wp-json\/wp\/v2\/pages\/630\/revisions\/713"}],"wp:attachment":[{"href":"https:\/\/www.romanaairport.com\/es\/wp-json\/wp\/v2\/media?parent=630"}],"curies":[{"name":"wp","href":"https:\/\/api.w.org\/{rel}","templated":true}]}}