{"id":627,"date":"2025-06-04T18:40:13","date_gmt":"2025-06-04T18:40:13","guid":{"rendered":"https:\/\/www.romanaairport.com\/?page_id=627"},"modified":"2025-06-21T18:46:38","modified_gmt":"2025-06-21T18:46:38","slug":"culture-and-gastronomy","status":"publish","type":"page","link":"https:\/\/www.romanaairport.com\/es\/culture-and-gastronomy\/","title":{"rendered":"Cultura y Gastronom\u00eda"},"content":{"rendered":"<style type=\"text\/css\" data-created_by=\"avia_inline_auto\" id=\"style-css-av-7pxvv-ec92e38f93c6fb2a86ec4625aa7e3861\">\n#top .flex_column.av-7pxvv-ec92e38f93c6fb2a86ec4625aa7e3861{\nmargin-top:0px;\nmargin-bottom:0px;\n}\n.flex_column.av-7pxvv-ec92e38f93c6fb2a86ec4625aa7e3861{\nborder-radius:0px 0px 0px 0px;\npadding:0px 0px 0px 0px;\n}\n.responsive #top #wrap_all .flex_column.av-7pxvv-ec92e38f93c6fb2a86ec4625aa7e3861{\nmargin-top:0px;\nmargin-bottom:0px;\n}\n<\/style>\n<div  class='flex_column av-7pxvv-ec92e38f93c6fb2a86ec4625aa7e3861 av_one_full  avia-builder-el-0  avia-builder-el-no-sibling  first flex_column_div av-animated-generic bottom-to-top av-zero-column-padding'     ><p><div  class='avia-slideshow av-mc6lbcuk-4a1f674e09bf04241ec6fe91abf5bad2 avia-slideshow-featured av_slideshow avia-slide-slider  avia-builder-el-1  el_before_av_heading  avia-builder-el-first  av-slideshow-ui av-control-default av-slideshow-manual av-loop-once av-loop-manual-endless av-default-height-applied avia-slideshow-1' data-slideshow-options=\"{&quot;animation&quot;:&quot;slide&quot;,&quot;autoplay&quot;:false,&quot;loop_autoplay&quot;:&quot;once&quot;,&quot;interval&quot;:5,&quot;loop_manual&quot;:&quot;manual-endless&quot;,&quot;autoplay_stopper&quot;:false,&quot;noNavigation&quot;:false,&quot;bg_slider&quot;:false,&quot;keep_padding&quot;:false,&quot;hoverpause&quot;:false,&quot;show_slide_delay&quot;:0}\"  itemprop=\"image\" itemscope=\"itemscope\" itemtype=\"https:\/\/schema.org\/ImageObject\" ><ul class='avia-slideshow-inner' style='padding-bottom: 58.90625%;'><li  class='avia-slideshow-slide av-mc6lbcuk-4a1f674e09bf04241ec6fe91abf5bad2__0  slide-1 slide-odd'><div data-rel='slideshow-1' class='avia-slide-wrap'   ><img decoding=\"async\" fetchpriority=\"high\" class=\"wp-image-851 avia-img-lazy-loading-not-851\"  src=\"https:\/\/www.romanaairport.com\/wp-content\/uploads\/2025\/06\/PESCADO-CON-TOSTONES-1.jpeg\" width=\"640\" height=\"377\" title='PESCADO CON TOSTONES (1)' alt=''  itemprop=\"thumbnailUrl\" srcset=\"https:\/\/www.romanaairport.com\/wp-content\/uploads\/2025\/06\/PESCADO-CON-TOSTONES-1.jpeg 640w, https:\/\/www.romanaairport.com\/wp-content\/uploads\/2025\/06\/PESCADO-CON-TOSTONES-1-300x177.jpeg 300w, https:\/\/www.romanaairport.com\/wp-content\/uploads\/2025\/06\/PESCADO-CON-TOSTONES-1-18x12.jpeg 18w\" sizes=\"(max-width: 640px) 100vw, 640px\" \/><\/div><\/li><li  class='avia-slideshow-slide av-mc6lbcuk-4a1f674e09bf04241ec6fe91abf5bad2__1  slide-2 slide-even'><div data-rel='slideshow-1' class='avia-slide-wrap'   ><img decoding=\"async\" fetchpriority=\"high\" class=\"wp-image-852 avia-img-lazy-loading-not-852\"  src=\"https:\/\/www.romanaairport.com\/wp-content\/uploads\/2025\/06\/Langosta-rellena.jpeg\" width=\"640\" height=\"425\" title='Langosta-rellena' alt=''  itemprop=\"thumbnailUrl\" srcset=\"https:\/\/www.romanaairport.com\/wp-content\/uploads\/2025\/06\/Langosta-rellena.jpeg 640w, https:\/\/www.romanaairport.com\/wp-content\/uploads\/2025\/06\/Langosta-rellena-300x199.jpeg 300w, https:\/\/www.romanaairport.com\/wp-content\/uploads\/2025\/06\/Langosta-rellena-18x12.jpeg 18w\" sizes=\"(max-width: 640px) 100vw, 640px\" \/><\/div><\/li><li  class='avia-slideshow-slide av-mc6lbcuk-4a1f674e09bf04241ec6fe91abf5bad2__2  slide-3 slide-odd'><div data-rel='slideshow-1' class='avia-slide-wrap'   ><img decoding=\"async\" fetchpriority=\"high\" class=\"wp-image-853 avia-img-lazy-loading-not-853\"  src=\"https:\/\/www.romanaairport.com\/wp-content\/uploads\/2025\/06\/DESAYUNO-DOMINICANO.jpeg\" width=\"640\" height=\"329\" title='DESAYUNO DOMINICANO' alt=''  itemprop=\"thumbnailUrl\" srcset=\"https:\/\/www.romanaairport.com\/wp-content\/uploads\/2025\/06\/DESAYUNO-DOMINICANO.jpeg 640w, https:\/\/www.romanaairport.com\/wp-content\/uploads\/2025\/06\/DESAYUNO-DOMINICANO-300x154.jpeg 300w, https:\/\/www.romanaairport.com\/wp-content\/uploads\/2025\/06\/DESAYUNO-DOMINICANO-18x9.jpeg 18w\" sizes=\"(max-width: 640px) 100vw, 640px\" \/><\/div><\/li><\/ul><div class='avia-slideshow-arrows avia-slideshow-controls' ><a href='#prev' class='prev-slide  avia-svg-icon avia-font-svg_entypo-fontello' data-av_svg_icon='left-open-big' data-av_iconset='svg_entypo-fontello' tabindex='-1' title=\"Previous\"><svg version=\"1.1\" xmlns=\"http:\/\/www.w3.org\/2000\/svg\" width=\"15\" height=\"32\" viewbox=\"0 0 15 32\" preserveaspectratio=\"xMidYMid meet\" aria-labelledby='av-svg-title-1' aria-describedby='av-svg-desc-1' role=\"graphics-symbol\" aria-hidden=\"true\">\n<title id='av-svg-title-1'>Previous<\/title>\n<desc id='av-svg-desc-1'>Previous<\/desc>\n<path d=\"M14.464 27.84q0.832 0.832 0 1.536-0.832 0.832-1.536 0l-12.544-12.608q-0.768-0.768 0-1.6l12.544-12.608q0.704-0.832 1.536 0 0.832 0.704 0 1.536l-11.456 11.904z\"><\/path>\n<\/svg><span class='avia_hidden_link_text'>Previous<\/span><\/a><a href='#next' class='next-slide  avia-svg-icon avia-font-svg_entypo-fontello' data-av_svg_icon='right-open-big' data-av_iconset='svg_entypo-fontello' tabindex='-1' title=\"Next\"><svg version=\"1.1\" xmlns=\"http:\/\/www.w3.org\/2000\/svg\" width=\"15\" height=\"32\" viewbox=\"0 0 15 32\" preserveaspectratio=\"xMidYMid meet\" aria-labelledby='av-svg-title-2' aria-describedby='av-svg-desc-2' role=\"graphics-symbol\" aria-hidden=\"true\">\n<title id='av-svg-title-2'>Next<\/title>\n<desc id='av-svg-desc-2'>Next<\/desc>\n<path d=\"M0.416 27.84l11.456-11.84-11.456-11.904q-0.832-0.832 0-1.536 0.832-0.832 1.536 0l12.544 12.608q0.768 0.832 0 1.6l-12.544 12.608q-0.704 0.832-1.536 0-0.832-0.704 0-1.536z\"><\/path>\n<\/svg><span class='avia_hidden_link_text'>Next<\/span><\/a><\/div><div class='avia-slideshow-dots avia-slideshow-controls'><a href='#1' class='goto-slide active' >1<\/a><a href='#2' class='goto-slide' >2<\/a><a href='#3' class='goto-slide' >3<\/a><\/div><\/div><br \/>\n\n<style type=\"text\/css\" data-created_by=\"avia_inline_auto\" id=\"style-css-av-mbialbfz-f4ffeba26a730c9eb611cd38727bf77b\">\n#top .av-special-heading.av-mbialbfz-f4ffeba26a730c9eb611cd38727bf77b{\npadding-bottom:0;\n}\nbody .av-special-heading.av-mbialbfz-f4ffeba26a730c9eb611cd38727bf77b .av-special-heading-tag .heading-char{\nfont-size:25px;\n}\n.av-special-heading.av-mbialbfz-f4ffeba26a730c9eb611cd38727bf77b .av-subheading{\nfont-size:15px;\n}\n<\/style>\n<div  class='av-special-heading av-mbialbfz-f4ffeba26a730c9eb611cd38727bf77b av-special-heading-h4 blockquote modern-quote  avia-builder-el-2  el_after_av_slideshow  el_before_av_textblock  av-thin-font'><h4 class='av-special-heading-tag'  itemprop=\"headline\"  ><strong>CULTURA Y GASTRONOM\u00cdA<\/strong><\/h4><div class=\"special-heading-border\"><div class=\"special-heading-inner-border\"><\/div><\/div><\/div><br \/>\n\n<style type=\"text\/css\" data-created_by=\"avia_inline_auto\" id=\"style-css-av-mbialmi1-bdfbd93f0fc61171b884c852601bc732\">\n\n@media only screen and (min-width: 990px){ \n#top .av_textblock_section.av-mbialmi1-bdfbd93f0fc61171b884c852601bc732 .avia_textblock{\nfont-size:16px;\n}\n}\n<\/style>\n<section  class='av_textblock_section av-mbialmi1-bdfbd93f0fc61171b884c852601bc732'   itemscope=\"itemscope\" itemtype=\"https:\/\/schema.org\/CreativeWork\" ><div class='avia_textblock'  itemprop=\"text\" ><p>La Romana y Bayah\u00edbe ofrecen a los viajeros mucho m\u00e1s que playas, bares y discotecas incomparables. Los amantes de la historia pueden sumergirse en m\u00e1s de 3000 reliquias significativas de nuestros ancestros ta\u00ednos, tanto en el Museo y Centro Cultural Altos de Chav\u00f3n como al aire libre, a lo largo del Sendero Padre Nuestro.<\/p>\n<p>En cuanto a gastronom\u00eda, la alta gastronom\u00eda local e internacional se destaca en los restaurantes de La Romana, Bayah\u00edbe y Casa de Campo, muchos de los cuales aprovechan la diversa variedad de pescados y mariscos t\u00edpicos de nuestras playas. Una amplia variedad de pizzer\u00edas, trattorias, gastrobares, acogedores rincones para una cena rom\u00e1ntica en pareja, franquicias de comida r\u00e1pida y men\u00fas para ni\u00f1os unen a los turistas en sus vacaciones con la calidez y alegr\u00eda que caracterizan al pueblo dominicano, creando recuerdos inolvidables.<\/p>\n<p>Para obtener m\u00e1s informaci\u00f3n, simplemente haga clic<\/p>\n<ul>\n<li><a href=\"http:\/\/explorelaromana.com\/culture\/\">http:\/\/explorelaromana.com\/culture\/<\/a><\/li>\n<li><a href=\"https:\/\/explorelaromana.com\/experiences-category\/food\/\">Comida | La Romana, Rep\u00fablica Dominicana<\/a><\/li>\n<\/ul>\n<\/div><\/section><\/p><\/div>","protected":false},"excerpt":{"rendered":"","protected":false},"author":1,"featured_media":0,"parent":0,"menu_order":0,"comment_status":"closed","ping_status":"closed","template":"","meta":{"pagelayer_contact_templates":[],"_pagelayer_content":"","_themeisle_gutenberg_block_has_review":false,"footnotes":""},"class_list":["post-627","page","type-page","status-publish","hentry"],"_links":{"self":[{"href":"https:\/\/www.romanaairport.com\/es\/wp-json\/wp\/v2\/pages\/627","targetHints":{"allow":["GET"]}}],"collection":[{"href":"https:\/\/www.romanaairport.com\/es\/wp-json\/wp\/v2\/pages"}],"about":[{"href":"https:\/\/www.romanaairport.com\/es\/wp-json\/wp\/v2\/types\/page"}],"author":[{"embeddable":true,"href":"https:\/\/www.romanaairport.com\/es\/wp-json\/wp\/v2\/users\/1"}],"replies":[{"embeddable":true,"href":"https:\/\/www.romanaairport.com\/es\/wp-json\/wp\/v2\/comments?post=627"}],"version-history":[{"count":3,"href":"https:\/\/www.romanaairport.com\/es\/wp-json\/wp\/v2\/pages\/627\/revisions"}],"predecessor-version":[{"id":854,"href":"https:\/\/www.romanaairport.com\/es\/wp-json\/wp\/v2\/pages\/627\/revisions\/854"}],"wp:attachment":[{"href":"https:\/\/www.romanaairport.com\/es\/wp-json\/wp\/v2\/media?parent=627"}],"curies":[{"name":"wp","href":"https:\/\/api.w.org\/{rel}","templated":true}]}}