{"id":568,"date":"2025-06-04T16:23:48","date_gmt":"2025-06-04T16:23:48","guid":{"rendered":"https:\/\/www.romanaairport.com\/?page_id=568"},"modified":"2025-06-18T22:25:44","modified_gmt":"2025-06-18T22:25:44","slug":"dominicus-beach","status":"publish","type":"page","link":"https:\/\/www.romanaairport.com\/es\/dominicus-beach\/","title":{"rendered":"Playa Dominicus"},"content":{"rendered":"<style type=\"text\/css\" data-created_by=\"avia_inline_auto\" id=\"style-css-av-1d8kxs-853e1b59ecbb1f69b3825ecea04dcc4a\">\n#top .flex_column.av-1d8kxs-853e1b59ecbb1f69b3825ecea04dcc4a{\nmargin-top:0px;\nmargin-bottom:0px;\n}\n.flex_column.av-1d8kxs-853e1b59ecbb1f69b3825ecea04dcc4a{\nborder-radius:0px 0px 0px 0px;\npadding:0px 0px 0px 0px;\n}\n.responsive #top #wrap_all .flex_column.av-1d8kxs-853e1b59ecbb1f69b3825ecea04dcc4a{\nmargin-top:0px;\nmargin-bottom:0px;\n}\n<\/style>\n<div  class='flex_column av-1d8kxs-853e1b59ecbb1f69b3825ecea04dcc4a av_one_full  avia-builder-el-0  avia-builder-el-no-sibling  first flex_column_div av-animated-generic bottom-to-top av-zero-column-padding'     ><p><div  class='avia-slideshow av-mc2it577-7a8453456f2f95c90d1c5d36cf1870c4 avia-slideshow-featured_large av_slideshow avia-slide-slider  avia-builder-el-1  el_before_av_heading  avia-builder-el-first  av-slideshow-ui av-control-default av-slideshow-manual av-loop-once av-loop-manual-endless av-default-height-applied avia-slideshow-1' data-slideshow-options=\"{&quot;animation&quot;:&quot;slide&quot;,&quot;autoplay&quot;:false,&quot;loop_autoplay&quot;:&quot;once&quot;,&quot;interval&quot;:5,&quot;loop_manual&quot;:&quot;manual-endless&quot;,&quot;autoplay_stopper&quot;:false,&quot;noNavigation&quot;:false,&quot;bg_slider&quot;:false,&quot;keep_padding&quot;:false,&quot;hoverpause&quot;:false,&quot;show_slide_delay&quot;:0}\"  itemprop=\"image\" itemscope=\"itemscope\" itemtype=\"https:\/\/schema.org\/ImageObject\" ><ul class='avia-slideshow-inner' style='padding-bottom: 42%;'><li  class='avia-slideshow-slide av-mc2it577-7a8453456f2f95c90d1c5d36cf1870c4__0  av-single-slide slide-1 slide-odd'><div data-rel='slideshow-1' class='avia-slide-wrap'   ><img decoding=\"async\" fetchpriority=\"high\" class=\"wp-image-708 avia-img-lazy-loading-not-708\"  src=\"https:\/\/www.romanaairport.com\/wp-content\/uploads\/2025\/06\/DOMINICUS-BEACH--1500x630.jpg\" width=\"1500\" height=\"630\" title='PLAYA DOMINICUS' alt=''  itemprop=\"thumbnailUrl\"   \/><\/div><\/li><\/ul><\/div><br \/>\n\n<style type=\"text\/css\" data-created_by=\"avia_inline_auto\" id=\"style-css-av-mbi5q5is-8072b61975d1669abed906d8b9c07c55\">\n#top .av-special-heading.av-mbi5q5is-8072b61975d1669abed906d8b9c07c55{\npadding-bottom:0;\n}\nbody .av-special-heading.av-mbi5q5is-8072b61975d1669abed906d8b9c07c55 .av-special-heading-tag .heading-char{\nfont-size:25px;\n}\n.av-special-heading.av-mbi5q5is-8072b61975d1669abed906d8b9c07c55 .av-subheading{\nfont-size:15px;\n}\n<\/style>\n<div  class='av-special-heading av-mbi5q5is-8072b61975d1669abed906d8b9c07c55 av-special-heading-h4 blockquote modern-quote  avia-builder-el-2  el_after_av_slideshow  el_before_av_textblock  av-thin-font'><h4 class='av-special-heading-tag'  itemprop=\"headline\"  ><strong>PLAYA DOMINICUS<\/strong><\/h4><div class=\"special-heading-border\"><div class=\"special-heading-inner-border\"><\/div><\/div><\/div><br \/>\n\n<style type=\"text\/css\" data-created_by=\"avia_inline_auto\" id=\"style-css-av-mbi5pvng-c1ea2ab5a20828fc572226c6acd77843\">\n\n@media only screen and (min-width: 990px){ \n#top .av_textblock_section.av-mbi5pvng-c1ea2ab5a20828fc572226c6acd77843 .avia_textblock{\nfont-size:16px;\n}\n}\n<\/style>\n<section  class='av_textblock_section av-mbi5pvng-c1ea2ab5a20828fc572226c6acd77843'   itemscope=\"itemscope\" itemtype=\"https:\/\/schema.org\/CreativeWork\" ><div class='avia_textblock'  itemprop=\"text\" ><p>Para los amantes de la vida marina y la belleza submarina, Playa Dominicus es una visita obligada. Conocida por sus incre\u00edbles arrecifes de coral y biodiversidad marina, Playa Dominicus es la primera playa del Caribe en recibir la certificaci\u00f3n Bandera Azul, un prestigioso galard\u00f3n ambiental. La zona alberga varios hoteles con todo incluido y es una opci\u00f3n popular para quienes buscan la combinaci\u00f3n perfecta de relajaci\u00f3n, actividades de playa y servicios excepcionales.<\/p>\n<p>Situada a poca distancia de Bayahibe, Playa Dominicus ofrece una variedad de tiendas, restaurantes y un ambiente vibrante, lo que la convierte en un destino fant\u00e1stico tanto para familias como para parejas que buscan una escapada relajante pero emocionante.<\/p>\n<p>Puedes conocer m\u00e1s sobre turismo en La Romana y Bayahibe visitando los siguientes enlaces:<\/p>\n<ul>\n<li>Ministerio de Turismo de la Rep\u00fablica Dominicana<\/li>\n<li><a href=\"http:\/\/www.godominicanrepublic.com\/en\/la-romana\/\">http:\/\/www.godominicanrepublic.com\/en\/la-romana\/<\/a><\/li>\n<li>Portal Oficial del Destino Tur\u00edstico La Romana Bayahibe<\/li>\n<li><a href=\"https:\/\/explorelaromana.com\/experiences\/dominicus-beach\/\">Dominicus Beach | La Romana Dominican Republic<\/a><\/li>\n<\/ul>\n<\/div><\/section><\/p><\/div>","protected":false},"excerpt":{"rendered":"","protected":false},"author":1,"featured_media":0,"parent":0,"menu_order":0,"comment_status":"closed","ping_status":"closed","template":"","meta":{"pagelayer_contact_templates":[],"_pagelayer_content":"","_themeisle_gutenberg_block_has_review":false,"footnotes":""},"class_list":["post-568","page","type-page","status-publish","hentry"],"_links":{"self":[{"href":"https:\/\/www.romanaairport.com\/es\/wp-json\/wp\/v2\/pages\/568","targetHints":{"allow":["GET"]}}],"collection":[{"href":"https:\/\/www.romanaairport.com\/es\/wp-json\/wp\/v2\/pages"}],"about":[{"href":"https:\/\/www.romanaairport.com\/es\/wp-json\/wp\/v2\/types\/page"}],"author":[{"embeddable":true,"href":"https:\/\/www.romanaairport.com\/es\/wp-json\/wp\/v2\/users\/1"}],"replies":[{"embeddable":true,"href":"https:\/\/www.romanaairport.com\/es\/wp-json\/wp\/v2\/comments?post=568"}],"version-history":[{"count":5,"href":"https:\/\/www.romanaairport.com\/es\/wp-json\/wp\/v2\/pages\/568\/revisions"}],"predecessor-version":[{"id":710,"href":"https:\/\/www.romanaairport.com\/es\/wp-json\/wp\/v2\/pages\/568\/revisions\/710"}],"wp:attachment":[{"href":"https:\/\/www.romanaairport.com\/es\/wp-json\/wp\/v2\/media?parent=568"}],"curies":[{"name":"wp","href":"https:\/\/api.w.org\/{rel}","templated":true}]}}