{"id":564,"date":"2025-06-04T16:21:51","date_gmt":"2025-06-04T16:21:51","guid":{"rendered":"https:\/\/www.romanaairport.com\/?page_id=564"},"modified":"2025-06-18T22:22:50","modified_gmt":"2025-06-18T22:22:50","slug":"saona-island","status":"publish","type":"page","link":"https:\/\/www.romanaairport.com\/es\/saona-island\/","title":{"rendered":"Isla Saona"},"content":{"rendered":"<style type=\"text\/css\" data-created_by=\"avia_inline_auto\" id=\"style-css-av-1d5rus-db2a77680897e4197be4414910e3d12c\">\n#top .flex_column.av-1d5rus-db2a77680897e4197be4414910e3d12c{\nmargin-top:0px;\nmargin-bottom:0px;\n}\n.flex_column.av-1d5rus-db2a77680897e4197be4414910e3d12c{\nborder-radius:0px 0px 0px 0px;\npadding:0px 0px 0px 0px;\n}\n.responsive #top #wrap_all .flex_column.av-1d5rus-db2a77680897e4197be4414910e3d12c{\nmargin-top:0px;\nmargin-bottom:0px;\n}\n<\/style>\n<div  class='flex_column av-1d5rus-db2a77680897e4197be4414910e3d12c av_one_full  avia-builder-el-0  avia-builder-el-no-sibling  first flex_column_div av-animated-generic bottom-to-top av-zero-column-padding'     ><p><div  class='avia-slideshow av-mc2ipspx-768946aa7d4b09f4b29988fd251ebd01 avia-slideshow-featured_large av_slideshow avia-slide-slider  avia-builder-el-1  el_before_av_heading  avia-builder-el-first  av-slideshow-ui av-control-default av-slideshow-manual av-loop-once av-loop-manual-endless av-default-height-applied avia-slideshow-1' data-slideshow-options=\"{&quot;animation&quot;:&quot;slide&quot;,&quot;autoplay&quot;:false,&quot;loop_autoplay&quot;:&quot;once&quot;,&quot;interval&quot;:5,&quot;loop_manual&quot;:&quot;manual-endless&quot;,&quot;autoplay_stopper&quot;:false,&quot;noNavigation&quot;:false,&quot;bg_slider&quot;:false,&quot;keep_padding&quot;:false,&quot;hoverpause&quot;:false,&quot;show_slide_delay&quot;:0}\"  itemprop=\"image\" itemscope=\"itemscope\" itemtype=\"https:\/\/schema.org\/ImageObject\" ><ul class='avia-slideshow-inner' style='padding-bottom: 44.428571428571%;'><li  class='avia-slideshow-slide av-mc2ipspx-768946aa7d4b09f4b29988fd251ebd01__0  slide-1 slide-odd'><div data-rel='slideshow-1' class='avia-slide-wrap'   ><img decoding=\"async\" fetchpriority=\"high\" class=\"wp-image-702 avia-img-lazy-loading-not-702\"  src=\"https:\/\/www.romanaairport.com\/wp-content\/uploads\/2025\/06\/ISLA-SAONA-2-bmp.bmp\" width=\"700\" height=\"311\" title='ISLA SAONA (2 bmp)' alt=''  itemprop=\"thumbnailUrl\" srcset=\"https:\/\/www.romanaairport.com\/wp-content\/uploads\/2025\/06\/ISLA-SAONA-2-bmp.bmp 700w, https:\/\/www.romanaairport.com\/wp-content\/uploads\/2025\/06\/ISLA-SAONA-2-bmp-300x133.jpg 300w, https:\/\/www.romanaairport.com\/wp-content\/uploads\/2025\/06\/ISLA-SAONA-2-bmp-18x8.jpg 18w\" sizes=\"(max-width: 700px) 100vw, 700px\" \/><\/div><\/li><li  class='avia-slideshow-slide av-mc2ipspx-768946aa7d4b09f4b29988fd251ebd01__1  slide-2 slide-even'><div data-rel='slideshow-1' class='avia-slide-wrap'   ><img decoding=\"async\" fetchpriority=\"high\" class=\"wp-image-703 avia-img-lazy-loading-not-703\"  src=\"https:\/\/www.romanaairport.com\/wp-content\/uploads\/2025\/06\/ISLA-SAONA-1-1500x630.jpg\" width=\"1500\" height=\"630\" title='ISLA SAONA (1)' alt=''  itemprop=\"thumbnailUrl\" srcset=\"https:\/\/www.romanaairport.com\/wp-content\/uploads\/2025\/06\/ISLA-SAONA-1-1500x630.jpg 1500w, https:\/\/www.romanaairport.com\/wp-content\/uploads\/2025\/06\/ISLA-SAONA-1-18x9.jpg 18w\" sizes=\"(max-width: 1500px) 100vw, 1500px\" \/><\/div><\/li><li  class='avia-slideshow-slide av-mc2ipspx-768946aa7d4b09f4b29988fd251ebd01__2  slide-3 slide-odd'><div data-rel='slideshow-1' class='avia-slide-wrap'   ><img decoding=\"async\" fetchpriority=\"high\" class=\"wp-image-704 avia-img-lazy-loading-not-704\"  src=\"https:\/\/www.romanaairport.com\/wp-content\/uploads\/2025\/06\/ISLA-SAONA-3-1278x630.jpg\" width=\"1278\" height=\"630\" title='ISLA SAONA (3)' alt=''  itemprop=\"thumbnailUrl\"   \/><\/div><\/li><li  class='avia-slideshow-slide av-mc2ipspx-768946aa7d4b09f4b29988fd251ebd01__3  slide-4 slide-even'><div data-rel='slideshow-1' class='avia-slide-wrap'   ><img decoding=\"async\" fetchpriority=\"high\" class=\"wp-image-705 avia-img-lazy-loading-not-705\"  src=\"https:\/\/www.romanaairport.com\/wp-content\/uploads\/2025\/06\/ISLA-SAONA-2.jpg\" width=\"700\" height=\"311\" title='ISLA SAONA (2)' alt=''  itemprop=\"thumbnailUrl\" srcset=\"https:\/\/www.romanaairport.com\/wp-content\/uploads\/2025\/06\/ISLA-SAONA-2.jpg 700w, https:\/\/www.romanaairport.com\/wp-content\/uploads\/2025\/06\/ISLA-SAONA-2-300x133.jpg 300w, https:\/\/www.romanaairport.com\/wp-content\/uploads\/2025\/06\/ISLA-SAONA-2-18x8.jpg 18w\" sizes=\"(max-width: 700px) 100vw, 700px\" \/><\/div><\/li><\/ul><div class='avia-slideshow-arrows avia-slideshow-controls' ><a href='#prev' class='prev-slide  avia-svg-icon avia-font-svg_entypo-fontello' data-av_svg_icon='left-open-big' data-av_iconset='svg_entypo-fontello' tabindex='-1' title=\"Previous\"><svg version=\"1.1\" xmlns=\"http:\/\/www.w3.org\/2000\/svg\" width=\"15\" height=\"32\" viewbox=\"0 0 15 32\" preserveaspectratio=\"xMidYMid meet\" aria-labelledby='av-svg-title-1' aria-describedby='av-svg-desc-1' role=\"graphics-symbol\" aria-hidden=\"true\">\n<title id='av-svg-title-1'>Previous<\/title>\n<desc id='av-svg-desc-1'>Previous<\/desc>\n<path d=\"M14.464 27.84q0.832 0.832 0 1.536-0.832 0.832-1.536 0l-12.544-12.608q-0.768-0.768 0-1.6l12.544-12.608q0.704-0.832 1.536 0 0.832 0.704 0 1.536l-11.456 11.904z\"><\/path>\n<\/svg><span class='avia_hidden_link_text'>Previous<\/span><\/a><a href='#next' class='next-slide  avia-svg-icon avia-font-svg_entypo-fontello' data-av_svg_icon='right-open-big' data-av_iconset='svg_entypo-fontello' tabindex='-1' title=\"Next\"><svg version=\"1.1\" xmlns=\"http:\/\/www.w3.org\/2000\/svg\" width=\"15\" height=\"32\" viewbox=\"0 0 15 32\" preserveaspectratio=\"xMidYMid meet\" aria-labelledby='av-svg-title-2' aria-describedby='av-svg-desc-2' role=\"graphics-symbol\" aria-hidden=\"true\">\n<title id='av-svg-title-2'>Next<\/title>\n<desc id='av-svg-desc-2'>Next<\/desc>\n<path d=\"M0.416 27.84l11.456-11.84-11.456-11.904q-0.832-0.832 0-1.536 0.832-0.832 1.536 0l12.544 12.608q0.768 0.832 0 1.6l-12.544 12.608q-0.704 0.832-1.536 0-0.832-0.704 0-1.536z\"><\/path>\n<\/svg><span class='avia_hidden_link_text'>Next<\/span><\/a><\/div><div class='avia-slideshow-dots avia-slideshow-controls'><a href='#1' class='goto-slide active' >1<\/a><a href='#2' class='goto-slide' >2<\/a><a href='#3' class='goto-slide' >3<\/a><a href='#4' class='goto-slide' >4<\/a><\/div><\/div><br \/>\n\n<style type=\"text\/css\" data-created_by=\"avia_inline_auto\" id=\"style-css-av-mbi5ndn0-1f1a37f96310b2e972656afaf1b8f83e\">\n#top .av-special-heading.av-mbi5ndn0-1f1a37f96310b2e972656afaf1b8f83e{\npadding-bottom:0;\n}\nbody .av-special-heading.av-mbi5ndn0-1f1a37f96310b2e972656afaf1b8f83e .av-special-heading-tag .heading-char{\nfont-size:25px;\n}\n.av-special-heading.av-mbi5ndn0-1f1a37f96310b2e972656afaf1b8f83e .av-subheading{\nfont-size:15px;\n}\n<\/style>\n<div  class='av-special-heading av-mbi5ndn0-1f1a37f96310b2e972656afaf1b8f83e av-special-heading-h4 blockquote modern-quote  avia-builder-el-2  el_after_av_slideshow  el_before_av_textblock  av-thin-font'><h4 class='av-special-heading-tag'  itemprop=\"headline\"  ><strong>ISLA SAONA<\/strong><\/h4><div class=\"special-heading-border\"><div class=\"special-heading-inner-border\"><\/div><\/div><\/div><br \/>\n\n<style type=\"text\/css\" data-created_by=\"avia_inline_auto\" id=\"style-css-av-mbi5nmvs-18610a4fdb40c86d48430f6005fec1db\">\n\n@media only screen and (min-width: 990px){ \n#top .av_textblock_section.av-mbi5nmvs-18610a4fdb40c86d48430f6005fec1db .avia_textblock{\nfont-size:16px;\n}\n}\n<\/style>\n<section  class='av_textblock_section av-mbi5nmvs-18610a4fdb40c86d48430f6005fec1db'   itemscope=\"itemscope\" itemtype=\"https:\/\/schema.org\/CreativeWork\" ><div class='avia_textblock'  itemprop=\"text\" ><p>La Isla Saona es, sin duda, uno de los destinos tur\u00edsticos m\u00e1s populares de Rep\u00fablica Dominicana. Los visitantes pueden realizar excursiones en barco o catamar\u00e1n a la isla, donde les esperan aguas turquesas, cielos soleados y playas de arena dorada bordeadas de palmeras. Es el lugar perfecto para un d\u00eda de relajaci\u00f3n, exploraci\u00f3n y diversi\u00f3n junto a la playa, ideal para quienes buscan sumergirse en la naturaleza.<\/p>\n<p><a href=\"https:\/\/explorelaromana.com\/experiences\/saona-island\/\">Isla Saona | La Romana, Rep\u00fablica Dominicana<\/a><\/p>\n<\/div><\/section><\/p><\/div>","protected":false},"excerpt":{"rendered":"","protected":false},"author":1,"featured_media":0,"parent":0,"menu_order":0,"comment_status":"closed","ping_status":"closed","template":"","meta":{"pagelayer_contact_templates":[],"_pagelayer_content":"","_themeisle_gutenberg_block_has_review":false,"footnotes":""},"class_list":["post-564","page","type-page","status-publish","hentry"],"_links":{"self":[{"href":"https:\/\/www.romanaairport.com\/es\/wp-json\/wp\/v2\/pages\/564","targetHints":{"allow":["GET"]}}],"collection":[{"href":"https:\/\/www.romanaairport.com\/es\/wp-json\/wp\/v2\/pages"}],"about":[{"href":"https:\/\/www.romanaairport.com\/es\/wp-json\/wp\/v2\/types\/page"}],"author":[{"embeddable":true,"href":"https:\/\/www.romanaairport.com\/es\/wp-json\/wp\/v2\/users\/1"}],"replies":[{"embeddable":true,"href":"https:\/\/www.romanaairport.com\/es\/wp-json\/wp\/v2\/comments?post=564"}],"version-history":[{"count":3,"href":"https:\/\/www.romanaairport.com\/es\/wp-json\/wp\/v2\/pages\/564\/revisions"}],"predecessor-version":[{"id":706,"href":"https:\/\/www.romanaairport.com\/es\/wp-json\/wp\/v2\/pages\/564\/revisions\/706"}],"wp:attachment":[{"href":"https:\/\/www.romanaairport.com\/es\/wp-json\/wp\/v2\/media?parent=564"}],"curies":[{"name":"wp","href":"https:\/\/api.w.org\/{rel}","templated":true}]}}