{"id":560,"date":"2025-06-04T16:19:40","date_gmt":"2025-06-04T16:19:40","guid":{"rendered":"https:\/\/www.romanaairport.com\/?page_id=560"},"modified":"2025-06-18T22:20:33","modified_gmt":"2025-06-18T22:20:33","slug":"bayahibe","status":"publish","type":"page","link":"https:\/\/www.romanaairport.com\/es\/bayahibe\/","title":{"rendered":"Bayahibe"},"content":{"rendered":"<div id='full_slider_1'  class='avia-fullwidth-slider main_color avia-shadow   avia-builder-el-0  el_before_av_one_full  avia-builder-el-first   container_wrap fullsize'  ><div  class='avia-slideshow av-mbi5kul7-d5cb1a37068c1ee6b8fdd752d3880857 avia-slideshow-featured av_slideshow_full avia-slide-slider av-slideshow-ui av-control-default av-slideshow-manual av-loop-once av-loop-manual-endless av-default-height-applied   avia-slideshow-1' data-slideshow-options=\"{&quot;animation&quot;:&quot;slide&quot;,&quot;autoplay&quot;:false,&quot;loop_autoplay&quot;:&quot;once&quot;,&quot;interval&quot;:5,&quot;loop_manual&quot;:&quot;manual-endless&quot;,&quot;autoplay_stopper&quot;:false,&quot;noNavigation&quot;:false,&quot;bg_slider&quot;:false,&quot;keep_padding&quot;:false,&quot;hoverpause&quot;:false,&quot;show_slide_delay&quot;:0}\"  itemprop=\"image\" itemscope=\"itemscope\" itemtype=\"https:\/\/schema.org\/ImageObject\" ><ul class='avia-slideshow-inner' style='padding-bottom: 28.666666666667%;'><li  class='avia-slideshow-slide av-mbi5kul7-d5cb1a37068c1ee6b8fdd752d3880857__0  av-single-slide slide-1 slide-odd'><div data-rel='slideshow-1' class='avia-slide-wrap'   ><img decoding=\"async\" fetchpriority=\"high\" class=\"wp-image-561 avia-img-lazy-loading-not-561\"  src=\"https:\/\/www.romanaairport.com\/wp-content\/uploads\/2025\/06\/bayahibe-playa-1500x430.jpg\" width=\"1500\" height=\"430\" title='bayahibe-playa' alt=''  itemprop=\"thumbnailUrl\" srcset=\"https:\/\/www.romanaairport.com\/wp-content\/uploads\/2025\/06\/bayahibe-playa-1500x430.jpg 1500w, https:\/\/www.romanaairport.com\/wp-content\/uploads\/2025\/06\/bayahibe-playa-18x4.jpg 18w\" sizes=\"(max-width: 1500px) 100vw, 1500px\" \/><\/div><\/li><\/ul><\/div><\/div><div id='after_full_slider_1'  class='main_color av_default_container_wrap container_wrap fullsize'  ><div class='container av-section-cont-open' ><div class='template-page content  av-content-full alpha units'><div class='post-entry post-entry-type-page post-entry-560'><div class='entry-content-wrapper clearfix'>\n\n<style type=\"text\/css\" data-created_by=\"avia_inline_auto\" id=\"style-css-av-7kd7s-8d6bab157fa21869dfd13479c5c03098\">\n#top .flex_column.av-7kd7s-8d6bab157fa21869dfd13479c5c03098{\nmargin-top:0px;\nmargin-bottom:0px;\n}\n.flex_column.av-7kd7s-8d6bab157fa21869dfd13479c5c03098{\nborder-radius:0px 0px 0px 0px;\npadding:0px 0px 0px 0px;\n}\n.responsive #top #wrap_all .flex_column.av-7kd7s-8d6bab157fa21869dfd13479c5c03098{\nmargin-top:0px;\nmargin-bottom:0px;\n}\n<\/style>\n<div  class='flex_column av-7kd7s-8d6bab157fa21869dfd13479c5c03098 av_one_full  avia-builder-el-1  el_after_av_slideshow_full  avia-builder-el-no-sibling  first flex_column_div av-animated-generic bottom-to-top av-zero-column-padding'     ><p>\n<style type=\"text\/css\" data-created_by=\"avia_inline_auto\" id=\"style-css-av-mbi5hjro-b7828d92a0549e6ff555a3e1323b54f1\">\n#top .av-special-heading.av-mbi5hjro-b7828d92a0549e6ff555a3e1323b54f1{\npadding-bottom:0;\n}\nbody .av-special-heading.av-mbi5hjro-b7828d92a0549e6ff555a3e1323b54f1 .av-special-heading-tag .heading-char{\nfont-size:25px;\n}\n.av-special-heading.av-mbi5hjro-b7828d92a0549e6ff555a3e1323b54f1 .av-subheading{\nfont-size:15px;\n}\n<\/style>\n<div  class='av-special-heading av-mbi5hjro-b7828d92a0549e6ff555a3e1323b54f1 av-special-heading-h4 blockquote modern-quote  avia-builder-el-2  el_before_av_textblock  avia-builder-el-first  av-thin-font'><h4 class='av-special-heading-tag'  itemprop=\"headline\"  ><strong>BAYAHIBE<\/strong><\/h4><div class=\"special-heading-border\"><div class=\"special-heading-inner-border\"><\/div><\/div><\/div><br \/>\n\n<style type=\"text\/css\" data-created_by=\"avia_inline_auto\" id=\"style-css-av-mbi5hwci-1a6345e1cb0266216743a1d1aecbea09\">\n\n@media only screen and (min-width: 990px){ \n#top .av_textblock_section.av-mbi5hwci-1a6345e1cb0266216743a1d1aecbea09 .avia_textblock{\nfont-size:16px;\n}\n}\n<\/style>\n<section  class='av_textblock_section av-mbi5hwci-1a6345e1cb0266216743a1d1aecbea09'   itemscope=\"itemscope\" itemtype=\"https:\/\/schema.org\/CreativeWork\" ><div class='avia_textblock'  itemprop=\"text\" ><p>Bayahibe es un encantador pueblo pesquero que ofrece algunas de las playas m\u00e1s hermosas de Rep\u00fablica Dominicana. Sus pr\u00edstinas arenas blancas y sus impresionantes puestas de sol son ideales para quienes buscan tanto relajaci\u00f3n como aventura. Fundado originalmente en el siglo XIX, Bayahibe a\u00fan conserva la esencia de un pueblo costero con un ambiente relajado y un rico patrimonio.<\/p>\n<p>Bayahibe es tambi\u00e9n el punto de partida perfecto para excursiones a la Isla Saona, uno de los destinos m\u00e1s emblem\u00e1ticos de Rep\u00fablica Dominicana y un para\u00edso para los buceadores deseosos de explorar las maravillas submarinas del Caribe. Este encantador pueblo es uno de los favoritos de los turistas por sus mariscos frescos, su ambiente relajado y su proximidad a numerosos atractivos naturales.<\/p>\n<p><a href=\"https:\/\/explorelaromana.com\/places\/bayahibe\/\">Bayahibe | La Romana, Rep\u00fablica Dominicana<\/a><\/p>\n<\/div><\/section><\/p><\/div>","protected":false},"excerpt":{"rendered":"","protected":false},"author":1,"featured_media":0,"parent":0,"menu_order":0,"comment_status":"closed","ping_status":"closed","template":"","meta":{"pagelayer_contact_templates":[],"_pagelayer_content":"","_themeisle_gutenberg_block_has_review":false,"footnotes":""},"class_list":["post-560","page","type-page","status-publish","hentry"],"_links":{"self":[{"href":"https:\/\/www.romanaairport.com\/es\/wp-json\/wp\/v2\/pages\/560","targetHints":{"allow":["GET"]}}],"collection":[{"href":"https:\/\/www.romanaairport.com\/es\/wp-json\/wp\/v2\/pages"}],"about":[{"href":"https:\/\/www.romanaairport.com\/es\/wp-json\/wp\/v2\/types\/page"}],"author":[{"embeddable":true,"href":"https:\/\/www.romanaairport.com\/es\/wp-json\/wp\/v2\/users\/1"}],"replies":[{"embeddable":true,"href":"https:\/\/www.romanaairport.com\/es\/wp-json\/wp\/v2\/comments?post=560"}],"version-history":[{"count":2,"href":"https:\/\/www.romanaairport.com\/es\/wp-json\/wp\/v2\/pages\/560\/revisions"}],"predecessor-version":[{"id":700,"href":"https:\/\/www.romanaairport.com\/es\/wp-json\/wp\/v2\/pages\/560\/revisions\/700"}],"wp:attachment":[{"href":"https:\/\/www.romanaairport.com\/es\/wp-json\/wp\/v2\/media?parent=560"}],"curies":[{"name":"wp","href":"https:\/\/api.w.org\/{rel}","templated":true}]}}