{"id":242,"date":"2015-10-15T13:48:39","date_gmt":"2015-10-15T13:48:39","guid":{"rendered":"http:\/\/wpoffice\/construction\/?page_id=2"},"modified":"2025-08-14T18:30:29","modified_gmt":"2025-08-14T18:30:29","slug":"theairport","status":"publish","type":"page","link":"https:\/\/www.romanaairport.com\/es\/theairport\/","title":{"rendered":"EL AEROPUERTO"},"content":{"rendered":"<div id='full_slider_1'  class='avia-fullwidth-slider main_color avia-shadow   avia-builder-el-0  el_before_av_heading  avia-builder-el-first   container_wrap fullsize'  ><div  class='avia-slideshow av-mavvifmf-adccc9dbbf131dae8e633285975d0236 avia-slideshow-featured av_slideshow_full avia-slide-slider av-slideshow-ui av-control-default av-slideshow-manual av-loop-once av-loop-manual-endless av-default-height-applied   avia-slideshow-1' data-slideshow-options=\"{&quot;animation&quot;:&quot;slide&quot;,&quot;autoplay&quot;:false,&quot;loop_autoplay&quot;:&quot;once&quot;,&quot;interval&quot;:5,&quot;loop_manual&quot;:&quot;manual-endless&quot;,&quot;autoplay_stopper&quot;:false,&quot;noNavigation&quot;:false,&quot;bg_slider&quot;:false,&quot;keep_padding&quot;:false,&quot;hoverpause&quot;:false,&quot;show_slide_delay&quot;:0}\"  itemprop=\"image\" itemscope=\"itemscope\" itemtype=\"https:\/\/schema.org\/ImageObject\" ><ul class='avia-slideshow-inner' style='padding-bottom: 54.361567635904%;'><li  class='avia-slideshow-slide av-mavvifmf-adccc9dbbf131dae8e633285975d0236__0  av-single-slide slide-1 slide-odd'><div data-rel='slideshow-1' class='avia-slide-wrap'   ><img decoding=\"async\" fetchpriority=\"high\" class=\"wp-image-885 avia-img-lazy-loading-not-885\"  src=\"https:\/\/www.romanaairport.com\/wp-content\/uploads\/2025\/06\/fbo-private-791x430.jpg\" width=\"791\" height=\"430\" title='fbo-private' alt=''  itemprop=\"thumbnailUrl\"   \/><\/div><\/li><\/ul><\/div><\/div><div id='after_full_slider_1'  class='main_color av_default_container_wrap container_wrap fullsize'  ><div class='container av-section-cont-open' ><div class='template-page content  av-content-full alpha units'><div class='post-entry post-entry-type-page post-entry-242'><div class='entry-content-wrapper clearfix'>\n\n<style type=\"text\/css\" data-created_by=\"avia_inline_auto\" id=\"style-css-av-mavvjgae-defd60e566c2f52d6892276d8fc32da4\">\n#top .av-special-heading.av-mavvjgae-defd60e566c2f52d6892276d8fc32da4{\npadding-bottom:10px;\n}\nbody .av-special-heading.av-mavvjgae-defd60e566c2f52d6892276d8fc32da4 .av-special-heading-tag .heading-char{\nfont-size:25px;\n}\n.av-special-heading.av-mavvjgae-defd60e566c2f52d6892276d8fc32da4 .av-subheading{\nfont-size:15px;\n}\n<\/style>\n<div  class='av-special-heading av-mavvjgae-defd60e566c2f52d6892276d8fc32da4 av-special-heading-h4 blockquote modern-quote  avia-builder-el-1  el_after_av_slideshow_full  el_before_av_textblock  avia-builder-el-first'><h4 class='av-special-heading-tag'  itemprop=\"headline\"  >EL AEROPUERTO<\/h4><div class=\"special-heading-border\"><div class=\"special-heading-inner-border\"><\/div><\/div><\/div>\n\n<style type=\"text\/css\" data-created_by=\"avia_inline_auto\" id=\"style-css-av-mavuk9x1-250172719805c87ce571ac02f5208161\">\n\n@media only screen and (min-width: 990px){ \n#top .av_textblock_section.av-mavuk9x1-250172719805c87ce571ac02f5208161 .avia_textblock{\nfont-size:16px;\n}\n}\n<\/style>\n<section  class='av_textblock_section av-mavuk9x1-250172719805c87ce571ac02f5208161'   itemscope=\"itemscope\" itemtype=\"https:\/\/schema.org\/CreativeWork\" ><div class='avia_textblock'  itemprop=\"text\" ><p>El Aeropuerto Internacional de La Romana goza de una ubicaci\u00f3n estrat\u00e9gica en el coraz\u00f3n de la regi\u00f3n oriental de la Rep\u00fablica Dominicana, ofreciendo un acceso r\u00e1pido a los principales destinos tur\u00edsticos del pa\u00eds. En menos de una hora por carretera, los viajeros pueden llegar a La Romana, Bayahibe, Punta Cana, B\u00e1varo, Uvero Alto, Juan Dolio y Boca Chica, algunos de los destinos vacacionales m\u00e1s populares del Caribe.<\/p>\n<p>Inaugurado el 14 de diciembre de 2000, tras una inversi\u00f3n superior a los 100 millones de d\u00f3lares, el aeropuerto cuenta con terminales cuya arquitectura se inspira en un ingenio azucarero tropical tradicional, un homenaje al patrimonio cultural e hist\u00f3rico de la zona. Las instalaciones incluyen una pista y dos terminales, cada una con su propia plataforma. La plataforma de la terminal comercial, dise\u00f1ada para operaciones a\u00e9reas, puede albergar hasta ocho aeronaves de fuselaje ancho simult\u00e1neamente, lo que garantiza una gesti\u00f3n eficiente y puntual. La terminal de aviaci\u00f3n general est\u00e1 reservada exclusivamente para aeronaves privadas y ofrece servicios personalizados para este tipo de operaciones.<\/p>\n<p>Operando las 24 horas del d\u00eda, los 365 d\u00edas del a\u00f1o, el aeropuerto ofrece una amplia gama de servicios para garantizar una experiencia impecable tanto para los pasajeros como para las aerol\u00edneas asociadas. Estos servicios incluyen informaci\u00f3n meteorol\u00f3gica en tiempo real, repostaje de aeronaves, asistencia en pista, servicios para pasajeros, catering y un equipo especializado capacitado para operaciones de rescate y extinci\u00f3n de incendios a gran escala.<\/p>\n<p>Para mejorar a\u00fan m\u00e1s la experiencia de viaje, la terminal cuenta con tiendas libres de impuestos, comercios y una selecci\u00f3n de restaurantes y bares con opciones locales e internacionales. Ya sea que los viajeros deseen disfrutar de un refrigerio r\u00e1pido, sentarse a comer o comprar regalos y art\u00edculos de primera necesidad de \u00faltima hora, las instalaciones del aeropuerto est\u00e1n dise\u00f1adas para satisfacer todas sus necesidades.<\/p>\n<p>El aeropuerto es operado y administrado por Airport Management Services, Ltd., una subsidiaria de Central Romana Corporation, Ltd., empresa pionera en el turismo dominicano e impulsora del renombrado Casa de Campo Resort &amp; Villas. Cabe destacar que el Aeropuerto Internacional de La Romana es el \u00fanico aeropuerto de la regi\u00f3n que ofrece una conexi\u00f3n directa entre el transporte a\u00e9reo y las operaciones de cruceros, gracias a su moderna terminal en el Puerto de Cruceros de La Romana. Esta conexi\u00f3n integrada aire-mar brinda una comodidad inigualable a los viajeros que buscan una experiencia de crucero sin contratiempos.<\/p>\n<\/div><\/section>","protected":false},"excerpt":{"rendered":"","protected":false},"author":1,"featured_media":0,"parent":0,"menu_order":0,"comment_status":"closed","ping_status":"closed","template":"","meta":{"pagelayer_contact_templates":[],"_pagelayer_content":"","_themeisle_gutenberg_block_has_review":false,"footnotes":""},"class_list":["post-242","page","type-page","status-publish","hentry"],"_links":{"self":[{"href":"https:\/\/www.romanaairport.com\/es\/wp-json\/wp\/v2\/pages\/242","targetHints":{"allow":["GET"]}}],"collection":[{"href":"https:\/\/www.romanaairport.com\/es\/wp-json\/wp\/v2\/pages"}],"about":[{"href":"https:\/\/www.romanaairport.com\/es\/wp-json\/wp\/v2\/types\/page"}],"author":[{"embeddable":true,"href":"https:\/\/www.romanaairport.com\/es\/wp-json\/wp\/v2\/users\/1"}],"replies":[{"embeddable":true,"href":"https:\/\/www.romanaairport.com\/es\/wp-json\/wp\/v2\/comments?post=242"}],"version-history":[{"count":10,"href":"https:\/\/www.romanaairport.com\/es\/wp-json\/wp\/v2\/pages\/242\/revisions"}],"predecessor-version":[{"id":1004,"href":"https:\/\/www.romanaairport.com\/es\/wp-json\/wp\/v2\/pages\/242\/revisions\/1004"}],"wp:attachment":[{"href":"https:\/\/www.romanaairport.com\/es\/wp-json\/wp\/v2\/media?parent=242"}],"curies":[{"name":"wp","href":"https:\/\/api.w.org\/{rel}","templated":true}]}}